{"id":396,"date":"2025-12-01T18:42:51","date_gmt":"2025-12-01T18:42:51","guid":{"rendered":"https:\/\/cetis23.edu.mx\/?page_id=396"},"modified":"2025-12-05T18:58:17","modified_gmt":"2025-12-05T18:58:17","slug":"normatec","status":"publish","type":"page","link":"https:\/\/cetis23.edu.mx\/index.php\/normatec\/","title":{"rendered":"normateca"},"content":{"rendered":"\n<div class=\"wp-block-group alignfull has-white-background-color has-background is-layout-flow wp-container-core-group-is-layout-9b10c18a wp-block-group-is-layout-flow gtfy-31\" style=\"padding-top:0px;padding-right:0px;padding-bottom:0px;padding-left:0px\">\n<div class=\"wp-block-group alignwide has-global-padding is-layout-constrained wp-block-group-is-layout-constrained gtfy-21\">\n<figure class=\"wp-block-image size-full is-style-default gtfy-1\"><img loading=\"lazy\" decoding=\"async\" width=\"1500\" height=\"400\" src=\"https:\/\/cetis23.edu.mx\/wp-content\/uploads\/2025\/12\/normteca_23-1.png\" alt=\"\" class=\"wp-image-418\" style=\"object-fit:contain\" srcset=\"https:\/\/cetis23.edu.mx\/wp-content\/uploads\/2025\/12\/normteca_23-1.png 1500w, https:\/\/cetis23.edu.mx\/wp-content\/uploads\/2025\/12\/normteca_23-1-300x80.png 300w, https:\/\/cetis23.edu.mx\/wp-content\/uploads\/2025\/12\/normteca_23-1-1024x273.png 1024w, https:\/\/cetis23.edu.mx\/wp-content\/uploads\/2025\/12\/normteca_23-1-768x205.png 768w\" sizes=\"auto, (max-width: 1500px) 100vw, 1500px\" \/><\/figure>\n\n\n\n<div class=\"wp-block-gutenify-container alignwide gutenify-block-container-wrapper gutenify-section-0399249b-8001-4bf5-a9cb-5231136ff2b0 gtfy-19\"><div class=\"gutenify-container\">\n<div class=\"wp-block-group has-global-padding is-layout-constrained wp-block-group-is-layout-constrained gtfy-18\">\n<div class=\"wp-block-group has-global-padding is-layout-constrained wp-block-group-is-layout-constrained gtfy-17\">\n<details class=\"wp-block-details gtfy-8\"><summary><strong><mark style=\"background-color:rgba(0, 0, 0, 0)\" class=\"has-inline-color has-secondary-color is-layout-flow wp-block-details-is-layout-flow\">PRONUNCIAMIENTO \u201cCERO TOLERANCIA AL HOSTIGAMIENTO Y ACOSO SEXUAL EN LA SECRETAR\u00cdA DE EDUCACI\u00d3N P\u00daBLICA<\/mark><\/strong><\/summary>\n<figure class=\"wp-block-image size-large gtfy-2\"><a href=\"https:\/\/cetis23.edu.mx\/wp-content\/uploads\/2025\/12\/1.-Protocolo.pdf\" target=\"_blank\" rel=\" noreferrer noopener\"><img loading=\"lazy\" decoding=\"async\" width=\"1024\" height=\"63\" src=\"https:\/\/cetis23.edu.mx\/wp-content\/uploads\/2025\/12\/n1-1-1024x63.png\" alt=\"\" class=\"wp-image-405\" srcset=\"https:\/\/cetis23.edu.mx\/wp-content\/uploads\/2025\/12\/n1-1-1024x63.png 1024w, https:\/\/cetis23.edu.mx\/wp-content\/uploads\/2025\/12\/n1-1-300x18.png 300w, https:\/\/cetis23.edu.mx\/wp-content\/uploads\/2025\/12\/n1-1-768x47.png 768w, https:\/\/cetis23.edu.mx\/wp-content\/uploads\/2025\/12\/n1-1-1536x94.png 1536w, https:\/\/cetis23.edu.mx\/wp-content\/uploads\/2025\/12\/n1-1.png 1638w\" sizes=\"auto, (max-width: 1024px) 100vw, 1024px\" \/><\/a><\/figure>\n\n\n\n<figure class=\"wp-block-image size-large gtfy-3\"><a href=\"https:\/\/cetis23.edu.mx\/wp-content\/uploads\/2025\/12\/2.-Pronunciamiento.pdf\" target=\"_blank\" rel=\" noreferrer noopener\"><img loading=\"lazy\" decoding=\"async\" width=\"1024\" height=\"63\" src=\"https:\/\/cetis23.edu.mx\/wp-content\/uploads\/2025\/12\/n2-1024x63.png\" alt=\"\" class=\"wp-image-406\" srcset=\"https:\/\/cetis23.edu.mx\/wp-content\/uploads\/2025\/12\/n2-1024x63.png 1024w, https:\/\/cetis23.edu.mx\/wp-content\/uploads\/2025\/12\/n2-300x18.png 300w, https:\/\/cetis23.edu.mx\/wp-content\/uploads\/2025\/12\/n2-768x47.png 768w, https:\/\/cetis23.edu.mx\/wp-content\/uploads\/2025\/12\/n2-1536x94.png 1536w, https:\/\/cetis23.edu.mx\/wp-content\/uploads\/2025\/12\/n2.png 1638w\" sizes=\"auto, (max-width: 1024px) 100vw, 1024px\" \/><\/a><\/figure>\n\n\n\n<figure class=\"wp-block-image size-large gtfy-4\"><a href=\"https:\/\/cetis23.edu.mx\/wp-content\/uploads\/2025\/12\/3.-Codigo-de-Etica.pdf\" target=\"_blank\" rel=\" noreferrer noopener\"><img loading=\"lazy\" decoding=\"async\" width=\"1024\" height=\"63\" src=\"https:\/\/cetis23.edu.mx\/wp-content\/uploads\/2025\/12\/n3-1024x63.png\" alt=\"\" class=\"wp-image-407\" srcset=\"https:\/\/cetis23.edu.mx\/wp-content\/uploads\/2025\/12\/n3-1024x63.png 1024w, https:\/\/cetis23.edu.mx\/wp-content\/uploads\/2025\/12\/n3-300x18.png 300w, https:\/\/cetis23.edu.mx\/wp-content\/uploads\/2025\/12\/n3-768x47.png 768w, https:\/\/cetis23.edu.mx\/wp-content\/uploads\/2025\/12\/n3-1536x94.png 1536w, https:\/\/cetis23.edu.mx\/wp-content\/uploads\/2025\/12\/n3.png 1638w\" sizes=\"auto, (max-width: 1024px) 100vw, 1024px\" \/><\/a><\/figure>\n\n\n\n<figure class=\"wp-block-image size-large gtfy-5\"><a href=\"https:\/\/cetis23.edu.mx\/wp-content\/uploads\/2025\/12\/4.-Codigo-de-Conducta.pdf\" target=\"_blank\" rel=\" noreferrer noopener\"><img loading=\"lazy\" decoding=\"async\" width=\"1024\" height=\"63\" src=\"https:\/\/cetis23.edu.mx\/wp-content\/uploads\/2025\/12\/n4-1024x63.png\" alt=\"\" class=\"wp-image-408\" srcset=\"https:\/\/cetis23.edu.mx\/wp-content\/uploads\/2025\/12\/n4-1024x63.png 1024w, https:\/\/cetis23.edu.mx\/wp-content\/uploads\/2025\/12\/n4-300x18.png 300w, https:\/\/cetis23.edu.mx\/wp-content\/uploads\/2025\/12\/n4-768x47.png 768w, https:\/\/cetis23.edu.mx\/wp-content\/uploads\/2025\/12\/n4-1536x94.png 1536w, https:\/\/cetis23.edu.mx\/wp-content\/uploads\/2025\/12\/n4.png 1638w\" sizes=\"auto, (max-width: 1024px) 100vw, 1024px\" \/><\/a><\/figure>\n\n\n\n<figure class=\"wp-block-image size-large gtfy-6\"><a href=\"https:\/\/cetis23.edu.mx\/wp-content\/uploads\/2025\/12\/5.directorios.pdf\" target=\"_blank\" rel=\" noreferrer noopener\"><img loading=\"lazy\" decoding=\"async\" width=\"1024\" height=\"63\" src=\"https:\/\/cetis23.edu.mx\/wp-content\/uploads\/2025\/12\/n5-1024x63.png\" alt=\"\" class=\"wp-image-409\" srcset=\"https:\/\/cetis23.edu.mx\/wp-content\/uploads\/2025\/12\/n5-1024x63.png 1024w, https:\/\/cetis23.edu.mx\/wp-content\/uploads\/2025\/12\/n5-300x18.png 300w, https:\/\/cetis23.edu.mx\/wp-content\/uploads\/2025\/12\/n5-768x47.png 768w, https:\/\/cetis23.edu.mx\/wp-content\/uploads\/2025\/12\/n5-1536x94.png 1536w, https:\/\/cetis23.edu.mx\/wp-content\/uploads\/2025\/12\/n5.png 1638w\" sizes=\"auto, (max-width: 1024px) 100vw, 1024px\" \/><\/a><\/figure>\n\n\n\n<p class=\"gtfy-7\"><\/p>\n<\/details>\n\n\n\n<details class=\"wp-block-details gtfy-16\"><summary><strong><mark style=\"background-color:rgba(0, 0, 0, 0);color:#0693e3\" class=\"has-inline-color is-layout-flow wp-block-details-is-layout-flow\">PROTOCOLOS<\/mark><\/strong><\/summary>\n<figure class=\"wp-block-image size-large gtfy-9\"><a href=\"https:\/\/cetis23.edu.mx\/wp-content\/uploads\/2025\/12\/Protocolo-Convivencia12.pdf\" target=\"_blank\" rel=\" noreferrer noopener\"><img loading=\"lazy\" decoding=\"async\" width=\"1024\" height=\"63\" src=\"https:\/\/cetis23.edu.mx\/wp-content\/uploads\/2025\/12\/n11-1024x63.png\" alt=\"\" class=\"wp-image-411\" srcset=\"https:\/\/cetis23.edu.mx\/wp-content\/uploads\/2025\/12\/n11-1024x63.png 1024w, https:\/\/cetis23.edu.mx\/wp-content\/uploads\/2025\/12\/n11-300x18.png 300w, https:\/\/cetis23.edu.mx\/wp-content\/uploads\/2025\/12\/n11-768x47.png 768w, https:\/\/cetis23.edu.mx\/wp-content\/uploads\/2025\/12\/n11-1536x94.png 1536w, https:\/\/cetis23.edu.mx\/wp-content\/uploads\/2025\/12\/n11.png 1638w\" sizes=\"auto, (max-width: 1024px) 100vw, 1024px\" \/><\/a><\/figure>\n\n\n\n<figure class=\"wp-block-image size-large gtfy-10\"><a href=\"https:\/\/cetis23.edu.mx\/wp-content\/uploads\/2025\/12\/Protocolo-Revision13.pdf\" target=\"_blank\" rel=\" noreferrer noopener\"><img loading=\"lazy\" decoding=\"async\" width=\"1024\" height=\"63\" src=\"https:\/\/cetis23.edu.mx\/wp-content\/uploads\/2025\/12\/n12-1-1024x63.png\" alt=\"\" class=\"wp-image-412\" srcset=\"https:\/\/cetis23.edu.mx\/wp-content\/uploads\/2025\/12\/n12-1-1024x63.png 1024w, https:\/\/cetis23.edu.mx\/wp-content\/uploads\/2025\/12\/n12-1-300x18.png 300w, https:\/\/cetis23.edu.mx\/wp-content\/uploads\/2025\/12\/n12-1-768x47.png 768w, https:\/\/cetis23.edu.mx\/wp-content\/uploads\/2025\/12\/n12-1-1536x94.png 1536w, https:\/\/cetis23.edu.mx\/wp-content\/uploads\/2025\/12\/n12-1.png 1638w\" sizes=\"auto, (max-width: 1024px) 100vw, 1024px\" \/><\/a><\/figure>\n\n\n\n<figure class=\"wp-block-image size-large gtfy-11\"><a href=\"https:\/\/cetis23.edu.mx\/wp-content\/uploads\/2025\/12\/PROTOCOLOS-SEGURIDAD14.pdf\" target=\"_blank\" rel=\" noreferrer noopener\"><img loading=\"lazy\" decoding=\"async\" width=\"1024\" height=\"63\" src=\"https:\/\/cetis23.edu.mx\/wp-content\/uploads\/2025\/12\/n13-1024x63.png\" alt=\"\" class=\"wp-image-413\" srcset=\"https:\/\/cetis23.edu.mx\/wp-content\/uploads\/2025\/12\/n13-1024x63.png 1024w, https:\/\/cetis23.edu.mx\/wp-content\/uploads\/2025\/12\/n13-300x18.png 300w, https:\/\/cetis23.edu.mx\/wp-content\/uploads\/2025\/12\/n13-768x47.png 768w, https:\/\/cetis23.edu.mx\/wp-content\/uploads\/2025\/12\/n13-1536x94.png 1536w, https:\/\/cetis23.edu.mx\/wp-content\/uploads\/2025\/12\/n13.png 1638w\" sizes=\"auto, (max-width: 1024px) 100vw, 1024px\" \/><\/a><\/figure>\n\n\n\n<p class=\"gtfy-12\"><\/p>\n\n\n\n<p class=\"gtfy-13\"><\/p>\n\n\n\n<p class=\"gtfy-14\"><\/p>\n\n\n\n<p class=\"gtfy-15\"><\/p>\n<\/details>\n<\/div>\n<\/div>\n<\/div><\/div>\n\n\n\n<hr class=\"wp-block-separator has-css-opacity alignwide is-style-wide gtfy-20\"\/>\n<\/div>\n\n\n\n<div class=\"wp-block-group alignwide has-global-padding is-layout-constrained wp-block-group-is-layout-constrained gtfy-28\">\n<div class=\"wp-block-gutenify-container alignwide gutenify-block-container-wrapper gutenify-section-ebc55522-b78a-44f7-a378-8fb6cf89e859 gtfy-27\"><div class=\"gutenify-container\">\n<div class=\"wp-block-columns is-layout-flex wp-container-core-columns-is-layout-28f84493 wp-block-columns-is-layout-flex gtfy-26\">\n<div class=\"wp-block-column is-layout-flow wp-block-column-is-layout-flow gtfy-23\">\n<figure class=\"wp-block-image size-large gtfy-22\"><img loading=\"lazy\" decoding=\"async\" width=\"1024\" height=\"640\" src=\"https:\/\/cetis23.edu.mx\/wp-content\/uploads\/2025\/12\/normateca-1-1024x640.png\" alt=\"\" class=\"wp-image-422\" srcset=\"https:\/\/cetis23.edu.mx\/wp-content\/uploads\/2025\/12\/normateca-1-1024x640.png 1024w, https:\/\/cetis23.edu.mx\/wp-content\/uploads\/2025\/12\/normateca-1-300x187.png 300w, https:\/\/cetis23.edu.mx\/wp-content\/uploads\/2025\/12\/normateca-1-768x480.png 768w, https:\/\/cetis23.edu.mx\/wp-content\/uploads\/2025\/12\/normateca-1-1536x959.png 1536w, https:\/\/cetis23.edu.mx\/wp-content\/uploads\/2025\/12\/normateca-1.png 1889w\" sizes=\"auto, (max-width: 1024px) 100vw, 1024px\" \/><\/figure>\n<\/div>\n\n\n\n<div class=\"wp-block-column is-vertically-aligned-center is-layout-flow wp-block-column-is-layout-flow gtfy-25\" style=\"padding-top:40px;padding-bottom:40px\"><div class=\"has-text-align-left wp-block-gutenify-section-title gtfy-24\"><div class=\"gutenify-section-title-section \"><p style=\"color:#e0b414\"class=\" gutenify-section-title-prefix\"><\/p><h2 style=\"color:#000000\"class=\" gutenify-section-title-main\">Normateca<\/h2><p style=\"color:#807b7b\"class=\" gutenify-section-title-suffix\">Es un portal o herramienta que recopila, organiza y difunde el conjunto de disposiciones legales, reglamentarias y administrativas que regulan la operaci\u00f3n y funcionamiento de una entidad, instituci\u00f3n o dependencia espec\u00edfica, generalmente dentro del \u00e1mbito gubernamental mexicano<\/p><\/div><\/div><\/div>\n<\/div>\n<\/div><\/div>\n<\/div>\n\n\n\n<div class=\"wp-block-group alignwide has-global-padding is-layout-constrained wp-container-core-group-is-layout-c610529f wp-block-group-is-layout-constrained gtfy-30\" style=\"padding-top:0px;padding-right:0px;padding-bottom:0px;padding-left:0px\">\n<div class=\"wp-block-gutenify-container alignfull gutenify-block-container-wrapper gutenify-section-33371d17-4658-469c-a933-cddca2a8aa87 gtfy-29\"><div class=\"gutenify-container\"><\/div><\/div>\n<\/div>\n<\/div>\n","protected":false},"excerpt":{"rendered":"","protected":false},"author":1,"featured_media":0,"parent":0,"menu_order":0,"comment_status":"closed","ping_status":"closed","template":"","meta":{"_uag_custom_page_level_css":"","footnotes":""},"class_list":["post-396","page","type-page","status-publish","hentry"],"featured_image_src":null,"uagb_featured_image_src":{"full":false,"thumbnail":false,"medium":false,"medium_large":false,"large":false,"1536x1536":false,"2048x2048":false},"uagb_author_info":{"display_name":"admin","author_link":"https:\/\/cetis23.edu.mx\/index.php\/author\/admin_cetis23\/"},"uagb_comment_info":0,"uagb_excerpt":null,"_links":{"self":[{"href":"https:\/\/cetis23.edu.mx\/index.php\/wp-json\/wp\/v2\/pages\/396","targetHints":{"allow":["GET"]}}],"collection":[{"href":"https:\/\/cetis23.edu.mx\/index.php\/wp-json\/wp\/v2\/pages"}],"about":[{"href":"https:\/\/cetis23.edu.mx\/index.php\/wp-json\/wp\/v2\/types\/page"}],"author":[{"embeddable":true,"href":"https:\/\/cetis23.edu.mx\/index.php\/wp-json\/wp\/v2\/users\/1"}],"replies":[{"embeddable":true,"href":"https:\/\/cetis23.edu.mx\/index.php\/wp-json\/wp\/v2\/comments?post=396"}],"version-history":[{"count":13,"href":"https:\/\/cetis23.edu.mx\/index.php\/wp-json\/wp\/v2\/pages\/396\/revisions"}],"predecessor-version":[{"id":424,"href":"https:\/\/cetis23.edu.mx\/index.php\/wp-json\/wp\/v2\/pages\/396\/revisions\/424"}],"wp:attachment":[{"href":"https:\/\/cetis23.edu.mx\/index.php\/wp-json\/wp\/v2\/media?parent=396"}],"curies":[{"name":"wp","href":"https:\/\/api.w.org\/{rel}","templated":true}]}}