{"id":1843,"date":"2026-03-23T08:42:51","date_gmt":"2026-03-23T14:42:51","guid":{"rendered":"https:\/\/cetis23.edu.mx\/?page_id=1843"},"modified":"2026-03-25T10:38:24","modified_gmt":"2026-03-25T16:38:24","slug":"developers","status":"publish","type":"page","link":"https:\/\/cetis23.edu.mx\/index.php\/developers\/","title":{"rendered":"DEVELOPERS"},"content":{"rendered":"\n<div style=\"height:40px\" aria-hidden=\"true\" class=\"wp-block-spacer gtfy-1\"><\/div>\n\n\n\n<h2 class=\"wp-block-heading has-text-align-center gtfy-4\">DESARROLLADORES<\/h2>\n\n\n\n<div style=\"height:40px\" aria-hidden=\"true\" class=\"wp-block-spacer gtfy-7\"><\/div>\n\n\n<div class=\"equipo-desarrollo-intro gtfy-8 gtfy-9\">\n\n<h2>Equipo Responsable del Desarrollo de la Plataforma<\/h2>\n\n<p>\nEl desarrollo, administraci\u00f3n y evoluci\u00f3n tecnol\u00f3gica de esta plataforma\nse encuentra a cargo de un equipo comprometido con la innovaci\u00f3n digital\ny la mejora continua de los servicios ofrecidos a la comunidad educativa.\n<\/p>\n\n<p>\nA trav\u00e9s de la implementaci\u00f3n de soluciones tecnol\u00f3gicas modernas,\neste equipo trabaja en el dise\u00f1o, mantenimiento y actualizaci\u00f3n\npermanente del portal, con el objetivo de garantizar una plataforma\nsegura, eficiente y accesible que facilite el acceso a la informaci\u00f3n\ny fortalezca la comunicaci\u00f3n institucional.\n<\/p>\n\n<\/div>\n\n\n<div style=\"height:40px\" aria-hidden=\"true\" class=\"wp-block-spacer gtfy-10\"><\/div>\n\n\n\n<div class=\"wp-block-uagb-container uagb-block-584037b3 alignfull uagb-is-root-container gtfy-17\"><div class=\"uagb-container-inner-blocks-wrap\">\n<div class=\"wp-block-uagb-container uagb-block-b6f85373 gtfy-14\">\n<section class=\"autor-proyecto gtfy-13\">\n\n<div class=\"autor-contenido\">\n\n<div class=\"autor-foto\">\n<img decoding=\"async\" src=\"https:\/\/cetis23.edu.mx\/wp-content\/uploads\/2026\/03\/Eduardo.jpeg\" alt=\"Eduardo Mart\u00ednez Quiroz\">\n<\/div>\n\n<div class=\"autor-info\">\n\n<h2>Desarrollo del Proyecto<\/h2>\n\n<h3>Ing. Eduardo Mart\u00ednez Quiroz<\/h3>\n\n<p class=\"cargo\">Desarrollador de la Plataforma<\/p>\n\n<div class=\"contacto-desarrollador\">\n\n<h4>Datos de contacto<\/h4>\n\n<p>\ud83d\udce7 Correo: 3duarmarqui@gmail.com<\/p>\n\n<\/div>\n\n<\/div>\n\n<\/div>\n\n<\/section>\n<\/div>\n\n\n\n<div class=\"wp-block-uagb-container uagb-block-e9d51dd9 gtfy-16\">\n<section class=\"autor-proyecto gtfy-15\">\n\n<div class=\"autor-contenido\">\n\n<div class=\"autor-foto\">\n<img decoding=\"async\" src=\"TU-FOTO-AQUI.jpg\" alt=\"Daniel Montalvo Montalvo\">\n<\/div>\n\n<div class=\"autor-info\">\n\n<h2>Desarrollo del Proyecto<\/h2>\n\n<h3>Ing. Juan Daniel Montalvo Montalvo<\/h3>\n\n<p class=\"cargo\">Desarrollador de la Plataforma<\/p>\n\n<div class=\"contacto-desarrollador\">\n\n<h4>Datos de contacto<\/h4>\n\n<p>\ud83d\udce7 Correo: al222210568@gmail.com<\/p>\n\n<\/div>\n\n<\/div>\n\n<\/div>\n\n<\/section>\n<\/div>\n<\/div><\/div>\n","protected":false},"excerpt":{"rendered":"<p>DESARROLLADORES Equipo Responsable del Desarrollo de la Plataforma El desarrollo, administraci\u00f3n y evoluci\u00f3n tecnol\u00f3gica de esta plataforma se encuentra a cargo de un equipo comprometido con la innovaci\u00f3n digital y la mejora continua de los servicios ofrecidos a la comunidad educativa. A trav\u00e9s de la implementaci\u00f3n de soluciones tecnol\u00f3gicas modernas, este equipo trabaja en el [&hellip;]<\/p>\n","protected":false},"author":1,"featured_media":0,"parent":0,"menu_order":0,"comment_status":"closed","ping_status":"closed","template":"","meta":{"_uag_custom_page_level_css":"","footnotes":""},"class_list":["post-1843","page","type-page","status-publish","hentry"],"featured_image_src":null,"uagb_featured_image_src":{"full":false,"thumbnail":false,"medium":false,"medium_large":false,"large":false,"1536x1536":false,"2048x2048":false},"uagb_author_info":{"display_name":"admin","author_link":"https:\/\/cetis23.edu.mx\/index.php\/author\/admin_cetis23\/"},"uagb_comment_info":0,"uagb_excerpt":"DESARROLLADORES Equipo Responsable del Desarrollo de la Plataforma El desarrollo, administraci\u00f3n y evoluci\u00f3n tecnol\u00f3gica de esta plataforma se encuentra a cargo de un equipo comprometido con la innovaci\u00f3n digital y la mejora continua de los servicios ofrecidos a la comunidad educativa. A trav\u00e9s de la implementaci\u00f3n de soluciones tecnol\u00f3gicas modernas, este equipo trabaja en el&hellip;","_links":{"self":[{"href":"https:\/\/cetis23.edu.mx\/index.php\/wp-json\/wp\/v2\/pages\/1843","targetHints":{"allow":["GET"]}}],"collection":[{"href":"https:\/\/cetis23.edu.mx\/index.php\/wp-json\/wp\/v2\/pages"}],"about":[{"href":"https:\/\/cetis23.edu.mx\/index.php\/wp-json\/wp\/v2\/types\/page"}],"author":[{"embeddable":true,"href":"https:\/\/cetis23.edu.mx\/index.php\/wp-json\/wp\/v2\/users\/1"}],"replies":[{"embeddable":true,"href":"https:\/\/cetis23.edu.mx\/index.php\/wp-json\/wp\/v2\/comments?post=1843"}],"version-history":[{"count":7,"href":"https:\/\/cetis23.edu.mx\/index.php\/wp-json\/wp\/v2\/pages\/1843\/revisions"}],"predecessor-version":[{"id":1893,"href":"https:\/\/cetis23.edu.mx\/index.php\/wp-json\/wp\/v2\/pages\/1843\/revisions\/1893"}],"wp:attachment":[{"href":"https:\/\/cetis23.edu.mx\/index.php\/wp-json\/wp\/v2\/media?parent=1843"}],"curies":[{"name":"wp","href":"https:\/\/api.w.org\/{rel}","templated":true}]}}