{"id":169,"date":"2025-01-20T14:43:55","date_gmt":"2025-01-20T14:43:55","guid":{"rendered":"https:\/\/cetis23.edu.mx\/?page_id=169"},"modified":"2026-03-19T09:16:11","modified_gmt":"2026-03-19T15:16:11","slug":"electromecanica","status":"publish","type":"page","link":"https:\/\/cetis23.edu.mx\/index.php\/sample-page\/electromecanica\/","title":{"rendered":"Electromecanica"},"content":{"rendered":"\n<div class=\"wp-block-columns carrera-bloque is-layout-flex wp-container-core-columns-is-layout-28f84493 wp-block-columns-is-layout-flex gtfy-7\">\n<div class=\"wp-block-column is-layout-flow wp-block-column-is-layout-flow gtfy-4\" style=\"flex-basis:66.67%\">\n<h3 class=\"wp-block-heading has-text-align-center gtfy-1\">Perfil de la Carrera T\u00e9cnica<\/h3>\n\n\n\n<figure class=\"wp-block-image size-full imagen-principal gtfy-2\"><img loading=\"lazy\" decoding=\"async\" width=\"810\" height=\"477\" src=\"https:\/\/cetis23.edu.mx\/wp-content\/uploads\/2025\/01\/image-4.png\" alt=\"Perfil de la carrera t\u00e9cnica\" class=\"wp-image-237\" srcset=\"https:\/\/cetis23.edu.mx\/wp-content\/uploads\/2025\/01\/image-4.png 810w, https:\/\/cetis23.edu.mx\/wp-content\/uploads\/2025\/01\/image-4-300x177.png 300w, https:\/\/cetis23.edu.mx\/wp-content\/uploads\/2025\/01\/image-4-768x452.png 768w\" sizes=\"auto, (max-width: 810px) 100vw, 810px\" \/><\/figure>\n\n\n\n<p class=\"gtfy-3\">La formaci\u00f3n t\u00e9cnica que ofrece esta carrera est\u00e1 orientada al desarrollo de competencias profesionales alineadas al modelo educativo de la Direcci\u00f3n General de Educaci\u00f3n Tecnol\u00f3gica Industrial y de Servicios (DGETI).<\/p>\n<\/div>\n\n\n\n<div class=\"wp-block-column is-layout-flow wp-block-column-is-layout-flow gtfy-6\" style=\"flex-basis:33.33%\">\n<figure class=\"wp-block-image size-full imagen-secundaria gtfy-5\"><img loading=\"lazy\" decoding=\"async\" width=\"1280\" height=\"822\" src=\"https:\/\/cetis23.edu.mx\/wp-content\/uploads\/2025\/01\/WhatsApp-Image-2025-01-13-at-10.35.33-PM-1.jpeg\" alt=\"Instalaciones acad\u00e9micas\" class=\"wp-image-196\" srcset=\"https:\/\/cetis23.edu.mx\/wp-content\/uploads\/2025\/01\/WhatsApp-Image-2025-01-13-at-10.35.33-PM-1.jpeg 1280w, https:\/\/cetis23.edu.mx\/wp-content\/uploads\/2025\/01\/WhatsApp-Image-2025-01-13-at-10.35.33-PM-1-300x193.jpeg 300w, https:\/\/cetis23.edu.mx\/wp-content\/uploads\/2025\/01\/WhatsApp-Image-2025-01-13-at-10.35.33-PM-1-1024x658.jpeg 1024w, https:\/\/cetis23.edu.mx\/wp-content\/uploads\/2025\/01\/WhatsApp-Image-2025-01-13-at-10.35.33-PM-1-768x493.jpeg 768w\" sizes=\"auto, (max-width: 1280px) 100vw, 1280px\" \/><\/figure>\n<\/div>\n<\/div>\n\n\n\n<div class=\"wp-block-columns is-layout-flex wp-container-core-columns-is-layout-28f84493 wp-block-columns-is-layout-flex gtfy-14\">\n<div class=\"wp-block-column is-layout-flow wp-block-column-is-layout-flow gtfy-13\">\n<h3 class=\"wp-block-heading has-text-align-center gtfy-10\">Mapa Curricular Oficial<\/h3>\n\n\n\n<figure class=\"wp-block-image aligncenter size-full imagen-mapa gtfy-11\"><img loading=\"lazy\" decoding=\"async\" width=\"1022\" height=\"736\" src=\"https:\/\/cetis23.edu.mx\/wp-content\/uploads\/2025\/01\/mapa_curr_elec-1.jpg\" alt=\"Mapa curricular oficial DGETI\" class=\"wp-image-198\" srcset=\"https:\/\/cetis23.edu.mx\/wp-content\/uploads\/2025\/01\/mapa_curr_elec-1.jpg 1022w, https:\/\/cetis23.edu.mx\/wp-content\/uploads\/2025\/01\/mapa_curr_elec-1-300x216.jpg 300w, https:\/\/cetis23.edu.mx\/wp-content\/uploads\/2025\/01\/mapa_curr_elec-1-768x553.jpg 768w\" sizes=\"auto, (max-width: 1022px) 100vw, 1022px\" \/><\/figure>\n\n\n\n<p class=\"has-text-align-center texto-referencia gtfy-12\">Plan de estudios vigente conforme a la normativa DGETI.<\/p>\n<\/div>\n<\/div>\n\n\n<p class=\"gtfy-15 gtfy-16\">&nbsp;<\/p>","protected":false},"excerpt":{"rendered":"<p>Perfil de la Carrera T\u00e9cnica La formaci\u00f3n t\u00e9cnica que ofrece esta carrera est\u00e1 orientada al desarrollo de competencias profesionales alineadas al modelo educativo de la Direcci\u00f3n General de Educaci\u00f3n Tecnol\u00f3gica Industrial y de Servicios (DGETI). Mapa Curricular Oficial Plan de estudios vigente conforme a la normativa DGETI. &nbsp;<\/p>\n","protected":false},"author":1,"featured_media":0,"parent":2,"menu_order":0,"comment_status":"closed","ping_status":"closed","template":"","meta":{"_uag_custom_page_level_css":"","footnotes":""},"class_list":["post-169","page","type-page","status-publish","hentry"],"featured_image_src":null,"uagb_featured_image_src":{"full":false,"thumbnail":false,"medium":false,"medium_large":false,"large":false,"1536x1536":false,"2048x2048":false},"uagb_author_info":{"display_name":"admin","author_link":"https:\/\/cetis23.edu.mx\/index.php\/author\/admin_cetis23\/"},"uagb_comment_info":0,"uagb_excerpt":"Perfil de la Carrera T\u00e9cnica La formaci\u00f3n t\u00e9cnica que ofrece esta carrera est\u00e1 orientada al desarrollo de competencias profesionales alineadas al modelo educativo de la Direcci\u00f3n General de Educaci\u00f3n Tecnol\u00f3gica Industrial y de Servicios (DGETI). Mapa Curricular Oficial Plan de estudios vigente conforme a la normativa DGETI. &nbsp;","_links":{"self":[{"href":"https:\/\/cetis23.edu.mx\/index.php\/wp-json\/wp\/v2\/pages\/169","targetHints":{"allow":["GET"]}}],"collection":[{"href":"https:\/\/cetis23.edu.mx\/index.php\/wp-json\/wp\/v2\/pages"}],"about":[{"href":"https:\/\/cetis23.edu.mx\/index.php\/wp-json\/wp\/v2\/types\/page"}],"author":[{"embeddable":true,"href":"https:\/\/cetis23.edu.mx\/index.php\/wp-json\/wp\/v2\/users\/1"}],"replies":[{"embeddable":true,"href":"https:\/\/cetis23.edu.mx\/index.php\/wp-json\/wp\/v2\/comments?post=169"}],"version-history":[{"count":15,"href":"https:\/\/cetis23.edu.mx\/index.php\/wp-json\/wp\/v2\/pages\/169\/revisions"}],"predecessor-version":[{"id":1761,"href":"https:\/\/cetis23.edu.mx\/index.php\/wp-json\/wp\/v2\/pages\/169\/revisions\/1761"}],"up":[{"embeddable":true,"href":"https:\/\/cetis23.edu.mx\/index.php\/wp-json\/wp\/v2\/pages\/2"}],"wp:attachment":[{"href":"https:\/\/cetis23.edu.mx\/index.php\/wp-json\/wp\/v2\/media?parent=169"}],"curies":[{"name":"wp","href":"https:\/\/api.w.org\/{rel}","templated":true}]}}